{"id":146,"date":"2018-07-30T20:53:51","date_gmt":"2018-07-30T20:53:51","guid":{"rendered":"http:\/\/s285203848.online.de\/sterzbachbuben\/?page_id=146"},"modified":"2026-02-11T20:39:14","modified_gmt":"2026-02-11T20:39:14","slug":"titel","status":"publish","type":"page","link":"https:\/\/www.sterzbachbuben.de\/index.php\/titel\/","title":{"rendered":"Titel"},"content":{"rendered":"\t\t<div data-elementor-type=\"wp-post\" data-elementor-id=\"146\" class=\"elementor elementor-146\">\n\t\t\t\t\t\t<div class=\"elementor-inner\">\n\t\t\t\t<div class=\"elementor-section-wrap\">\n\t\t\t\t\t\t\t\t\t<section class=\"elementor-section elementor-top-section elementor-element elementor-element-28132c4 elementor-section-boxed elementor-section-height-default elementor-section-height-default\" data-id=\"28132c4\" data-element_type=\"section\">\n\t\t\t\t\t\t<div class=\"elementor-container elementor-column-gap-default\">\n\t\t\t\t\t\t\t<div class=\"elementor-row\">\n\t\t\t\t\t<div class=\"elementor-column elementor-col-100 elementor-top-column elementor-element elementor-element-b70703e\" data-id=\"b70703e\" data-element_type=\"column\">\n\t\t\t<div class=\"elementor-column-wrap elementor-element-populated\">\n\t\t\t\t\t\t\t<div class=\"elementor-widget-wrap\">\n\t\t\t\t\t\t<div class=\"elementor-element elementor-element-958bc8b elementor-view-stacked elementor-shape-circle elementor-widget elementor-widget-icon\" data-id=\"958bc8b\" data-element_type=\"widget\" data-widget_type=\"icon.default\">\n\t\t\t\t<div class=\"elementor-widget-container\">\n\t\t\t\t\t<div class=\"elementor-icon-wrapper\">\n\t\t\t<div class=\"elementor-icon\">\n\t\t\t\t\t\t\t<i class=\"fa fa-music\" aria-hidden=\"true\"><\/i>\n\t\t\t\t\t\t<\/div>\n\t\t<\/div>\n\t\t\t\t<\/div>\n\t\t\t\t<\/div>\n\t\t\t\t\t\t<\/div>\n\t\t\t\t\t<\/div>\n\t\t<\/div>\n\t\t\t\t\t\t\t\t<\/div>\n\t\t\t\t\t<\/div>\n\t\t<\/section>\n\t\t\t\t<section class=\"elementor-section elementor-top-section elementor-element elementor-element-c2a8826 elementor-section-boxed elementor-section-height-default elementor-section-height-default\" data-id=\"c2a8826\" data-element_type=\"section\">\n\t\t\t\t\t\t<div class=\"elementor-container elementor-column-gap-default\">\n\t\t\t\t\t\t\t<div class=\"elementor-row\">\n\t\t\t\t\t<div class=\"elementor-column elementor-col-100 elementor-top-column elementor-element elementor-element-c2b5094\" data-id=\"c2b5094\" data-element_type=\"column\">\n\t\t\t<div class=\"elementor-column-wrap elementor-element-populated\">\n\t\t\t\t\t\t\t<div class=\"elementor-widget-wrap\">\n\t\t\t\t\t\t<div class=\"elementor-element elementor-element-4c5d1b7 elementor-tabs-view-horizontal elementor-widget elementor-widget-tabs\" data-id=\"4c5d1b7\" data-element_type=\"widget\" data-widget_type=\"tabs.default\">\n\t\t\t\t<div class=\"elementor-widget-container\">\n\t\t\t\t\t<div class=\"elementor-tabs\">\n\t\t\t<div class=\"elementor-tabs-wrapper\" role=\"tablist\" >\n\t\t\t\t\t\t\t\t\t<div id=\"elementor-tab-title-8001\" class=\"elementor-tab-title elementor-tab-desktop-title\" aria-selected=\"true\" data-tab=\"1\" role=\"tab\" tabindex=\"0\" aria-controls=\"elementor-tab-content-8001\" aria-expanded=\"false\"><a href=\"\">Schlager<\/a><\/div>\n\t\t\t\t\t\t\t\t\t<div id=\"elementor-tab-title-8002\" class=\"elementor-tab-title elementor-tab-desktop-title\" aria-selected=\"false\" data-tab=\"2\" role=\"tab\" tabindex=\"-1\" aria-controls=\"elementor-tab-content-8002\" aria-expanded=\"false\"><a href=\"\">Ebbelwoi & Eigenes<\/a><\/div>\n\t\t\t\t\t\t\t\t\t<div id=\"elementor-tab-title-8003\" class=\"elementor-tab-title elementor-tab-desktop-title\" aria-selected=\"false\" data-tab=\"3\" role=\"tab\" tabindex=\"-1\" aria-controls=\"elementor-tab-content-8003\" aria-expanded=\"false\"><a href=\"\">Karneval<\/a><\/div>\n\t\t\t\t\t\t\t\t\t<div id=\"elementor-tab-title-8004\" class=\"elementor-tab-title elementor-tab-desktop-title\" aria-selected=\"false\" data-tab=\"4\" role=\"tab\" tabindex=\"-1\" aria-controls=\"elementor-tab-content-8004\" aria-expanded=\"false\"><a href=\"\">Party<\/a><\/div>\n\t\t\t\t\t\t\t<\/div>\n\t\t\t<div class=\"elementor-tabs-content-wrapper\" role=\"tablist\" aria-orientation=\"vertical\">\n\t\t\t\t\t\t\t\t\t<div class=\"elementor-tab-title elementor-tab-mobile-title\" aria-selected=\"true\" data-tab=\"1\" role=\"tab\" tabindex=\"0\" aria-controls=\"elementor-tab-content-8001\" aria-expanded=\"false\">Schlager<\/div>\n\t\t\t\t\t<div id=\"elementor-tab-content-8001\" class=\"elementor-tab-content elementor-clearfix\" data-tab=\"1\" role=\"tabpanel\" aria-labelledby=\"elementor-tab-title-8001\" tabindex=\"0\" hidden=\"false\"><ul><li>Amarillo (Tony Christie)<\/li><li>Beautiful Sunday (Daniel Boone)<\/li><li>Brown eyed girl (Van Morrison)<\/li><li>Crossfire (Bellamy Brothers)<\/li><li>Ein Bett im Kornfeld (J\u00fcrgen Drews)<\/li><li>Eine neue Liebe ist wie ein neues Leben (J\u00fcrgen Marcus)<\/li><li>Er geh\u00f6rt zu mir (Marianne Rosenberg)<\/li><li>Es war Keine so wunderbar wie Du (Cliff Richard)<\/li><li>Fiesta Mexicana (Rex Gildo)<\/li><li>Griechischer Wein (Udo J\u00fcrgens)<\/li><li>Have you ever seen the rain (CCR)<\/li><li>Hello Again (Howard Carpendale)<\/li><li>Himbeereis zum Fr\u00fchst\u00fcck (Hoffmann und Hoffmann)<\/li><li>Ich war noch niemals in New York (Udo J\u00fcrgens)<\/li><li>Mama Maria (Ricchi e Poveri)<\/li><li>Mendocino (Michael Holm)<\/li><li>Rote Lippen (Peter Kraus)<\/li><li>Sierra Madre (Wildecker Herzbuben)<\/li><li>Stumblin&#8216; in (Chris Norman)<\/li><li>Sieben Tage, sieben N\u00e4chte (Wolfgang Petry)<\/li><li>Wahnsinn (Wolfgang Petry)<\/li><li>Warum hast Du nicht nein gesagt (Roland Kaiser)<\/li><\/ul><\/div>\n\t\t\t\t\t\t\t\t\t<div class=\"elementor-tab-title elementor-tab-mobile-title\" aria-selected=\"false\" data-tab=\"2\" role=\"tab\" tabindex=\"-1\" aria-controls=\"elementor-tab-content-8002\" aria-expanded=\"false\">Ebbelwoi & Eigenes<\/div>\n\t\t\t\t\t<div id=\"elementor-tab-content-8002\" class=\"elementor-tab-content elementor-clearfix\" data-tab=\"2\" role=\"tabpanel\" aria-labelledby=\"elementor-tab-title-8002\" tabindex=\"0\" hidden=\"hidden\"><ul><li>\u00c4ppel klaun<\/li><li>Bei uns da gibt\u00b4s kaa \u00c4ppler (Rote Lippen &#8211; Peter Kraus)<\/li><li>Ebbelwoilied (Traditionell)<\/li><li>Ein Bier um Acht (Lieder der Nacht &#8211;\u00a0Marianne Rosenberg)<\/li><li>Is der Gerd do (In the Ghetto &#8211;\u00a0Elvis)<\/li><li>Langen hat Brunnenfest (Knocking on heavens door &#8211; Bob Dylan)<\/li><li>Oh, Lange is schee (Les-Champs-Elys\u00e9es)<\/li><li>Pl\u00f6tzlicher Haarausfall (Mama Maria &#8211; Ricchi e Poveri)<\/li><li>S\u00fcssgespritzt (Have you ever seen the rain \u2013 CCR)<\/li><li>Wer Handk\u00e4s\u00b4mit der Gawwel (Griechischer Wein &#8211;\u00a0Udo J\u00fcrgens)<\/li><li>Wir sagen Danke (\u00dcber den Wolken &#8211;\u00a0Reinhard May)<\/li><\/ul><\/div>\n\t\t\t\t\t\t\t\t\t<div class=\"elementor-tab-title elementor-tab-mobile-title\" aria-selected=\"false\" data-tab=\"3\" role=\"tab\" tabindex=\"-1\" aria-controls=\"elementor-tab-content-8003\" aria-expanded=\"false\">Karneval<\/div>\n\t\t\t\t\t<div id=\"elementor-tab-content-8003\" class=\"elementor-tab-content elementor-clearfix\" data-tab=\"3\" role=\"tabpanel\" aria-labelledby=\"elementor-tab-title-8003\" tabindex=\"0\" hidden=\"hidden\"><ul>\n<li>6 bis 8 Stunden Schlaf (H\u00f6hner)<\/li>\n<li>Der Langener Pass&nbsp;(Der K\u00f6lsche Pass &#8211;&nbsp;H\u00f6hner)<\/li>\n<li>Die Mama kriegt schon wieder e Kind (Bl\u00e4ck F\u00f6\u00f6ss)<\/li>\n<li>Drink doch aane mit&nbsp;&nbsp;(Bl\u00e4ck F\u00f6\u00f6ss)<\/li>\n<li>Irgendwann (H\u00f6hner)<\/li>\n<li>K\u00f6lsche Jung (Brings)<\/li>\n<li>Leev Marie (Paveier)<\/li>\n<li>M\u00e4nnerstrip im Waschsalon (Edsels \u2013 Rama Lama Ding Dong)<\/li>\n<li>Pirate (Kasalla)<\/li>\n<li>Polka, Polka, Polka (Brings)<\/li>\n<li>Schenk mir Dein Herz (H\u00f6hner)<\/li>\n<li>Steh\u2018 auf, mach Laut&nbsp;(H\u00f6hner)<\/li>\n<li>Viva Colonia (H\u00f6hner)<\/li>\n<\/ul><\/div>\n\t\t\t\t\t\t\t\t\t<div class=\"elementor-tab-title elementor-tab-mobile-title\" aria-selected=\"false\" data-tab=\"4\" role=\"tab\" tabindex=\"-1\" aria-controls=\"elementor-tab-content-8004\" aria-expanded=\"false\">Party<\/div>\n\t\t\t\t\t<div id=\"elementor-tab-content-8004\" class=\"elementor-tab-content elementor-clearfix\" data-tab=\"4\" role=\"tabpanel\" aria-labelledby=\"elementor-tab-title-8004\" tabindex=\"0\" hidden=\"hidden\"><ul><li>99 Luftballons (Nena)<\/li><li>1001 Nacht (Klaus Lage)<\/li><li>Amsterdam (Axel Fischer)<\/li><li>An Tagen wie diesen (Tote Hosen)<\/li><li>Bruttosozialprodukt (Geier Sturzflug)<\/li><li>Centerfold (Jeff Geils Band)<\/li><li>Der wilde, wilde Westen (Truck Stop)<\/li><li>Die Nacht von Freitag auf Montag (SDP)<\/li><li>Ein Stern (DJ \u00d6tzi)<\/li><li>Hey Baby (DJ \u00d6tzi)<\/li><li>Hulapalu (Andreas Gabalier)<\/li><li>I sing a Liad f\u00fcr Di (Andreas Gabalier)<\/li><li>Let me entertain you (Robby Williams)<\/li><li>Leuchtturm (Nena)<\/li><li>Life is live (Opus)<\/li><li>Mich hat ein Engel gek\u00fcsst (Mickie Krause)<\/li><li>Ohne Dich schlaf ich heut Nacht nicht ein (M\u00fcnchner Freiheit)<\/li><li>Pure Lust am Leben (Geier Sturzflug)<\/li><li>Rama lama ding dong (Rocky Sharpe)<\/li><li>Sara perche ti amo (Ricchi e Poveri)<\/li><li>Schatzi schenk mir ein\u00a0Foto (Micki Krause)<\/li><li>Skandal im Sperrbezirk (Spider Murphy Gang)<\/li><li>St. Tropez am Baggersee (Rodgau Monotones)<\/li><li>Sternenhimmel (Hubert Kah)<\/li><li>Sweet Caroline (DJ \u00d6tzi)<\/li><li>Take me home, country roads (John Denver)<\/li><li>Verdammt, ich lieb Dich (Matthias Reim)<\/li><li>V\u00f6llig losgel\u00f6st (Tom Schilling)<\/li><li>Westerland (Die \u00c4rzte)<\/li><li>Willenlos (Marius M\u00fcller Westernhagen)<\/li><\/ul><\/div>\n\t\t\t\t\t\t\t<\/div>\n\t\t<\/div>\n\t\t\t\t<\/div>\n\t\t\t\t<\/div>\n\t\t\t\t\t\t<\/div>\n\t\t\t\t\t<\/div>\n\t\t<\/div>\n\t\t\t\t\t\t\t\t<\/div>\n\t\t\t\t\t<\/div>\n\t\t<\/section>\n\t\t\t\t\t\t\t\t\t<\/div>\n\t\t\t<\/div>\n\t\t\t\t\t<\/div>\n\t\t","protected":false},"excerpt":{"rendered":"<p>Schlager Ebbelwoi &#038; Eigenes Karneval Party Schlager Amarillo (Tony Christie) Beautiful Sunday (Daniel Boone) Brown eyed girl (Van Morrison) Crossfire (Bellamy Brothers) [&hellip;]<\/p>\n","protected":false},"author":1,"featured_media":0,"parent":0,"menu_order":0,"comment_status":"closed","ping_status":"closed","template":"elementor_header_footer","meta":{"footnotes":""},"class_list":["post-146","page","type-page","status-publish","hentry"],"_links":{"self":[{"href":"https:\/\/www.sterzbachbuben.de\/index.php\/wp-json\/wp\/v2\/pages\/146","targetHints":{"allow":["GET"]}}],"collection":[{"href":"https:\/\/www.sterzbachbuben.de\/index.php\/wp-json\/wp\/v2\/pages"}],"about":[{"href":"https:\/\/www.sterzbachbuben.de\/index.php\/wp-json\/wp\/v2\/types\/page"}],"author":[{"embeddable":true,"href":"https:\/\/www.sterzbachbuben.de\/index.php\/wp-json\/wp\/v2\/users\/1"}],"replies":[{"embeddable":true,"href":"https:\/\/www.sterzbachbuben.de\/index.php\/wp-json\/wp\/v2\/comments?post=146"}],"version-history":[{"count":50,"href":"https:\/\/www.sterzbachbuben.de\/index.php\/wp-json\/wp\/v2\/pages\/146\/revisions"}],"predecessor-version":[{"id":440,"href":"https:\/\/www.sterzbachbuben.de\/index.php\/wp-json\/wp\/v2\/pages\/146\/revisions\/440"}],"wp:attachment":[{"href":"https:\/\/www.sterzbachbuben.de\/index.php\/wp-json\/wp\/v2\/media?parent=146"}],"curies":[{"name":"wp","href":"https:\/\/api.w.org\/{rel}","templated":true}]}}